{"id":2156,"date":"2020-11-25T18:55:50","date_gmt":"2020-11-25T18:55:50","guid":{"rendered":"https:\/\/maccosmeticstravels.com\/?page_id=2156"},"modified":"2021-01-12T16:17:56","modified_gmt":"2021-01-12T16:17:56","slug":"travel-exclusives","status":"publish","type":"page","link":"https:\/\/maccosmeticstravels.com\/fr\/destination-fabulous\/travel-exclusives","title":{"rendered":"EXCLUSIVIT\u00c9S VOYAGE"},"content":{"rendered":"<section id=\"block_5fbea1a9fd9ed\" class=\"text fade-in left columns-1\" data-max-width=\"\" style=\"font-family: House Slant;\">\n\t<h1 style=\"text-align: center; text-transform: uppercase;\">NOS TROUSSES DE VOYAGE EXCLUSIVES COMPRENNENT TOUT CE DONT VOUS AVEZ BESOIN POUR \u00caTRE TOUJOURS PARFAITE<\/h1>\n\t<style>\n\t\t.is-root-container {\n\t\t\tbackground-color: #c10230;\n\t\t}\n\t<\/style>\n<\/section>\n\n\n<section id=\"block_5ff3828e2fd86\" class=\"dp-button\" style=\"font-family: House Slant;\">\n\t\t<p class=\"small\">En exclusivit\u00e9 chez les d\u00e9taillants de voyage.\u00a0<\/p>\n\t\t<a href=\"https:\/\/maccosmeticstravels.com\/fr\/destination-fabulous\/find-a-store\/\" target=\"\" style=\"color: #c10230\">\n\t\ttrouver un magasin\t<\/a>\n\t<style>\n\t\t.is-root-container {\n\t\t\tbackground-color: #c10230;\n\t\t}\n\t<\/style>\n<\/section>\n\n<section id=\"block_5ff0cfa4eb2c3\" class=\"images grid two-column\">\n\t\t\t<a href=\"https:\/\/maccosmeticstravels.com\/fr\/destination-fabulous\/travel-exclusives\/first-class-eye-and-face-palette\/\">\n\t\t\t\t\t<div class=\"title\">PALETTE YEUX ET VISAGE DE PREMI\u00c8RE CLASSE\u00a0<\/div>\n\t\t\t\t<div class=\"image\">\n\t\t\t<img decoding=\"async\" class=\"fade-in\" src=\"https:\/\/maccosmeticstravels.com\/wp-content\/uploads\/2020\/11\/MAC-DF2_Ambient_EyeFacePalette-FirstClass_Lo-Res.jpg\">\n\t\t<\/div>\n\t<\/a>\n\t\t\t<a href=\"https:\/\/maccosmeticstravels.com\/fr\/destination-fabulous\/travel-exclusives\/flight-of-fantasy-eye-and-face-palette\/\">\n\t\t\t\t\t<div class=\"title\">PALETTE YEUX ET VISAGE POUR VOL DE R\u00caVE\u00a0<\/div>\n\t\t\t\t<div class=\"image\">\n\t\t\t<img decoding=\"async\" class=\"fade-in\" src=\"https:\/\/maccosmeticstravels.com\/wp-content\/uploads\/2020\/11\/MAC-DF2_Ambient_EyeFacePalette-FlightOfFantasy_Lo-Res.jpg\">\n\t\t<\/div>\n\t<\/a>\n\t\t\t<a href=\"https:\/\/maccosmeticstravels.com\/fr\/destination-fabulous\/travel-exclusives\/look-in-a-box-warm\/\">\n\t\t\t\t\t<div class=\"title\">LOOKS BO\u00ceTIER NUANCES-CHAUDES\u00a0<\/div>\n\t\t\t\t<div class=\"image\">\n\t\t\t<img decoding=\"async\" class=\"fade-in\" src=\"https:\/\/maccosmeticstravels.com\/wp-content\/uploads\/2020\/11\/MAC-DF2_Ambient_LookInABox-Warm_Lo-Res.jpg\">\n\t\t<\/div>\n\t<\/a>\n\t\t\t<a href=\"https:\/\/maccosmeticstravels.com\/fr\/destination-fabulous\/travel-exclusives\/look-in-a-box-cool\/\">\n\t\t\t\t\t<div class=\"title\">LOOKS BO\u00ceTIER NUANCES-FROIDES \u00a0\u00a0<\/div>\n\t\t\t\t<div class=\"image\">\n\t\t\t<img decoding=\"async\" class=\"fade-in\" src=\"https:\/\/maccosmeticstravels.com\/wp-content\/uploads\/2020\/11\/MAC-DF2_Ambient_LookInABox-Cool_Lo-Res.jpg\">\n\t\t<\/div>\n\t<\/a>\n\t\t\t<a href=\"https:\/\/maccosmeticstravels.com\/fr\/destination-fabulous\/travel-exclusives\/mini-lipstick-x-5-bold\/\">\n\t\t\t\t\t<div class=\"title\">5 ROUGES \u00c0 L\u00c8VRES MINI - VIFS\u00a0<\/div>\n\t\t\t\t<div class=\"image\">\n\t\t\t<img decoding=\"async\" class=\"fade-in\" src=\"https:\/\/maccosmeticstravels.com\/wp-content\/uploads\/2020\/11\/MAC-DF2_Ambient_MiniLipstickKit-Bold_Lo-Res.jpg\">\n\t\t<\/div>\n\t<\/a>\n\t\t\t<a href=\"https:\/\/maccosmeticstravels.com\/fr\/destination-fabulous\/travel-exclusives\/mini-lipstick-x-5-bright\/\">\n\t\t\t\t\t<div class=\"title\">MINI LABIALES X 5: VIBRANTES<\/div>\n\t\t\t\t<div class=\"image\">\n\t\t\t<img decoding=\"async\" class=\"fade-in\" src=\"https:\/\/maccosmeticstravels.com\/wp-content\/uploads\/2020\/11\/MAC-DF2_Ambient_MiniLipstickKit-Bright_Lo-Res.jpg\">\n\t\t<\/div>\n\t<\/a>\n\t\t\t<a href=\"https:\/\/maccosmeticstravels.com\/fr\/destination-fabulous\/travel-exclusives\/eye-shadow-x8-amber-burgundy\/\">\n\t\t\t\t\t<div class=\"title\">FARDS \u00c0 PAUPI\u00c8RES AMBRE\u00a0et BOURGOGNE\u00a0\u00a0<\/div>\n\t\t\t\t<div class=\"image\">\n\t\t\t<img decoding=\"async\" class=\"fade-in\" src=\"https:\/\/maccosmeticstravels.com\/wp-content\/uploads\/2020\/11\/MAC-DF2_Ambient_EyeShadow8x_BurgundyRose_Lo-Res.jpg\">\n\t\t<\/div>\n\t<\/a>\n\t\t\t<a href=\"https:\/\/maccosmeticstravels.com\/fr\/destination-fabulous\/travel-exclusives\/eye-shadow-x8-espresso-rose-gold\/\">\n\t\t\t\t\t<div class=\"title\">FARDS \u00c0 PAUPI\u00c8RES ESPRESSO et ROSE DOR\u00c9\u00a0<\/div>\n\t\t\t\t<div class=\"image\">\n\t\t\t<img decoding=\"async\" class=\"fade-in\" src=\"https:\/\/maccosmeticstravels.com\/wp-content\/uploads\/2020\/11\/MAC-DF2_Ambient_EyeShadow8x_EspressoRose_Lo-Res.jpg\">\n\t\t<\/div>\n\t<\/a>\n\t\t\t<a href=\"https:\/\/maccosmeticstravels.com\/fr\/destination-fabulous\/travel-exclusives\/extended-play-perm-me-up-lash-x2\/\">\n\t\t\t\t\t<div class=\"title\">Extended Play Perm Me Up Lash X2<\/div>\n\t\t\t\t<div class=\"image\">\n\t\t\t<img decoding=\"async\" class=\"fade-in\" src=\"https:\/\/maccosmeticstravels.com\/wp-content\/uploads\/2020\/11\/MAC-DF2_Ambient_ExtendedPlayMascaraDuo_Lo-Res.jpg\">\n\t\t<\/div>\n\t<\/a>\n\t\t\t<a href=\"https:\/\/maccosmeticstravels.com\/fr\/destination-fabulous\/travel-exclusives\/in-extreme-dimension-lash-x2\/\">\n\t\t\t\t\t<div class=\"title\">IN EXTREME DIMENSION CILS X2\u00a0<\/div>\n\t\t\t\t<div class=\"image\">\n\t\t\t<img decoding=\"async\" class=\"fade-in\" src=\"https:\/\/maccosmeticstravels.com\/wp-content\/uploads\/2021\/01\/MAC-DF2_Ambient_InExtremeDimensionMascaraDuo_Lo-Res.jpg\">\n\t\t<\/div>\n\t<\/a>\n\t\t\t<a href=\"https:\/\/maccosmeticstravels.com\/fr\/destination-fabulous\/travel-exclusives\/mini-fix-tropical\/\">\n\t\t\t\t\t<div class=\"title\">MINI FIX + TROPICAL<\/div>\n\t\t\t\t<div class=\"image\">\n\t\t\t<img decoding=\"async\" class=\"fade-in\" src=\"https:\/\/maccosmeticstravels.com\/wp-content\/uploads\/2020\/11\/MAC-DF2_Ambient_FixSummerScents_Lo-Res.jpg\">\n\t\t<\/div>\n\t<\/a>\n\t\t<style>\n\t\t.is-root-container {\n\t\t\tbackground-color: #c10230;\n\t\t}\n\t<\/style>\n<\/section>\n\n\n\n<section id=\"block_5ff382b42fd87\" class=\"dp-button\" style=\"font-family: House Slant;\">\n\t\t<p class=\"small\">En exclusivit\u00e9 chez les d\u00e9taillants de voyage.\u00a0<\/p>\n\t\t<a href=\"https:\/\/maccosmeticstravels.com\/fr\/destination-fabulous\/find-a-store\/\" target=\"\" style=\"color: #c10230\">\n\t\ttrouver un magasin\t<\/a>\n\t<style>\n\t\t.is-root-container {\n\t\t\tbackground-color: #c10230;\n\t\t}\n\t<\/style>\n<\/section>\n\n<section id=\"block_5ff382c32fd88\" class=\"olapic\" style=\"font-family: House Slant;\">\n\t<div class=\"heading\">Social Skills<\/div>\n\t<div class=\"hashtag\">#MACDestinationFabulous<\/div>\n\t<div id=\"olapic_specific_widget\"><\/div><script type=\"text\/javascript\" src=\"https:\/\/photorankstatics-a.akamaihd.net\/743d2e78a76dedeb07e0745158547931\/static\/frontend\/latest\/build.min.js\"  data-olapic=\"olapic_specific_widget\" data-instance=\"f63e6a4a26715f578da0106547e99578\" data-apikey=\"df01ee493e9f3d515763221ac3ab0d9a43a21f84cee07eb0b7c0576d3b893b84\" async=\"async\"><\/script>\t<style>\n\t\t.is-root-container {\n\t\t\tbackground-color: #c10230;\n\t\t}\n\t<\/style>\n<\/div><\/section>","protected":false},"excerpt":{"rendered":"","protected":false},"author":2,"featured_media":0,"parent":1177,"menu_order":4,"comment_status":"closed","ping_status":"closed","template":"","meta":[],"acf":[],"_links":{"self":[{"href":"https:\/\/maccosmeticstravels.com\/fr\/wp-json\/wp\/v2\/pages\/2156"}],"collection":[{"href":"https:\/\/maccosmeticstravels.com\/fr\/wp-json\/wp\/v2\/pages"}],"about":[{"href":"https:\/\/maccosmeticstravels.com\/fr\/wp-json\/wp\/v2\/types\/page"}],"author":[{"embeddable":true,"href":"https:\/\/maccosmeticstravels.com\/fr\/wp-json\/wp\/v2\/users\/2"}],"replies":[{"embeddable":true,"href":"https:\/\/maccosmeticstravels.com\/fr\/wp-json\/wp\/v2\/comments?post=2156"}],"version-history":[{"count":63,"href":"https:\/\/maccosmeticstravels.com\/fr\/wp-json\/wp\/v2\/pages\/2156\/revisions"}],"predecessor-version":[{"id":2912,"href":"https:\/\/maccosmeticstravels.com\/fr\/wp-json\/wp\/v2\/pages\/2156\/revisions\/2912"}],"up":[{"embeddable":true,"href":"https:\/\/maccosmeticstravels.com\/fr\/wp-json\/wp\/v2\/pages\/1177"}],"wp:attachment":[{"href":"https:\/\/maccosmeticstravels.com\/fr\/wp-json\/wp\/v2\/media?parent=2156"}],"curies":[{"name":"wp","href":"https:\/\/api.w.org\/{rel}","templated":true}]}}