{"id":1730,"date":"2020-11-02T17:20:53","date_gmt":"2020-11-02T17:20:53","guid":{"rendered":"http:\/\/3.18.242.38\/?page_id=1730"},"modified":"2020-11-12T05:04:55","modified_gmt":"2020-11-12T05:04:55","slug":"studio","status":"publish","type":"page","link":"https:\/\/maccosmeticstravels.com\/fr\/studio","title":{"rendered":"Studio"},"content":{"rendered":"<section id=\"block_5fa03fc76c423\" class=\"banner full\">\n\t<style>\n\t\t@media(max-width: 720px) {\n\t\t\t#block_5fa03fc76c423 a {\n\t\t\t\tpadding-bottom: 37.891%;\n\t\t\t}\n\t\t}\n\t\t@media(min-width: 721px) {\n\t\t\t#block_5fa03fc76c423 a {\n\t\t\t\tpadding-bottom: 20.278%;\n\t\t\t}\n\t\t}\n\t<\/style>\n\t<a href=\"https:\/\/maccosmeticstravels.com\/fr\/studio\/\">\n\t\t<picture>\n\t\t\t<source media=\"(max-width: 720px)\" srcset=\"https:\/\/maccosmeticstravels.com\/wp-content\/uploads\/2020\/11\/studio-banner-mobile-720x273.jpg 720w, https:\/\/maccosmeticstravels.com\/wp-content\/uploads\/2020\/11\/studio-banner-mobile-1440x546.jpg 1440w\" sizes=\"100%\">\n\t\t\t<source media=\"(min-width: 721px)\" srcset=\"https:\/\/maccosmeticstravels.com\/wp-content\/uploads\/2020\/11\/studio-banner-desktop-1440x292.jpg 1440w, https:\/\/maccosmeticstravels.com\/wp-content\/uploads\/2020\/11\/studio-banner-desktop.jpg 2880w\" sizes=\"100%\">\n\t\t\t<img decoding=\"async\" class=\"fade-in\" src=\"https:\/\/maccosmeticstravels.com\/wp-content\/uploads\/2020\/11\/studio-banner-desktop-1440x292.jpg\" srcset=\" 1440w, https:\/\/maccosmeticstravels.com\/wp-content\/uploads\/2020\/11\/studio-banner-mobile.jpg 2880w\" sizes=\"100%\">\n\t\t<\/picture>\n\t\t<div class=\"text\"><\/div>\n\t<\/a>\n\t<style>\n\t\t.is-root-container {\n\t\t\tbackground-color: #000000;\n\t\t}\n\t<\/style>\n<\/section>\n\n<section id=\"block_5fa044239f4eb\" class=\"text fade-in center 1\" data-max-width=\"960\" style=\"font-family: ;\">\n\t<h1>Les teintes pr\u00e9f\u00e9r\u00e9es sont de retour en stock! Venez trouver votre teinte et recevez un \u00e9chantillon GRATUIT.*<\/h1>\n\t<style>\n\t\t.is-root-container {\n\t\t\tbackground-color: #000000;\n\t\t}\n\t<\/style>\n<\/section>\n\n\n\n<section id=\"block_5fa0403b77ace\" class=\"text fade-in center 1\" data-max-width=\"960\" style=\"font-family: ;\">\n\t<h2>Mat et couvrant, l\u00e9ger et glowy, la qu\u00eate du fond de teint parfait peut devenir p\u00e9rilleuse. M\u00b7A\u00b7C vous aide \u00e0 trouver le fond de teint parfait! En harmonie avec votre type de peau, le fond de teint sublime votre grain de peau en toute occasion. Pour un maquillage longue tenue, le fond de teint s\u2019allie \u00e0 une poudre offrant un teint mat parfait. Entre contouring et highlighter, optez \u00e0 tour de tour pour un maquillage lumineux comme sophistiqu\u00e9 sans aucun faux pas.<\/h2>\n\t<style>\n\t\t.is-root-container {\n\t\t\tbackground-color: #000000;\n\t\t}\n\t<\/style>\n<\/section>\n\n<section id=\"block_5fa0407c1f3a4\" class=\"video\">\n\t<div class=\"video-wrapper\">\n\t\t<video poster=\"https:\/\/maccosmeticstravels.com\/wp-content\/uploads\/2020\/11\/studio-video-poster-1920x1080.jpg\" id=\"player\" playsinline>\n\t\t\t<source src=\"https:\/\/maccosmeticstravels.com\/wp-content\/uploads\/2020\/11\/studio-video.mp4\" type=\"video\/mp4\" \/>\n\t\t<\/video>\n\t\t<div class=\"play\"><\/div>\n\t<\/div>\n\t<script>\n\t\t(function($) {\n\t\t\tvar video = $(\"#block_5fa0407c1f3a4 video\");\n\t\t\tvar play = $(\"#block_5fa0407c1f3a4 .play\");\n\t\t\t\/\/ Display the video when the poster has loaded\n\t\t\tvar poster = new Image();\n\t\t\tposter.src = video.attr(\"poster\");\n\t\t\tif (poster.complete && poster.naturalHeight !== 0) {\n\t\t\t\t$(video).parents(\".video-wrapper\").addClass(\"visible\");\n\t\t\t\t$(play).addClass(\"visible\");\n\t\t\t} else {\n\t\t\t\tposter.onload = function() {\n\t\t\t\t\t$(video).parents(\".video-wrapper\").addClass(\"visible\");\n\t\t\t\t\t$(play).addClass(\"visible\");\n\t\t\t\t}\n\t\t\t}\n\t\t\t\/\/ Initialize the player\n\t\t\tvar player = new Plyr(video[0], {\n\t\t\t\tresetOnEnd: true,\n\t\t\t\thideControls: false,\n\t\t\t\tcontrols: [\n\t\t\t\t\t\"play\",\n\t\t\t\t\t\"progress\",\n\t\t\t\t\t\"current-time\",\n\t\t\t\t\t\"mute\",\n\t\t\t\t\t\"volume\",\n\t\t\t\t\t\"fullscreen\"\n\t\t\t\t]\n\t\t\t});\n\t\t\t\/\/ Initialize with controls hidden\n\t\t\tplayer.toggleControls(false);\n\t\t\tplay.on(\"click\", function() {\n\t\t\t\tplayer.play();\n\t\t\t});\n\t\t\tplayer.on(\"playing\", function() {\n\t\t\t\tplayer.fullscreen.enter();\n\t\t\t\tplay.removeClass(\"visible\");\n\t\t\t});\n\t\t\tplayer.on(\"pause\", function() {\n\t\t\t\tif (!player.seeking && !player.fullscreen.active) {\n\t\t\t\t\tplay.addClass(\"visible\");\n\t\t\t\t}\n\t\t\t});\n\t\t\tplayer.on(\"ended\", function() {\n\t\t\t\tplayer.fullscreen.exit();\n\t\t\t});\n\t\t\tplayer.on(\"exitfullscreen\", function() {\n\t\t\t\tif (!player.playing) {\n\t\t\t\t\tplay.addClass(\"visible\");\n\t\t\t\t}\n\t\t\t});\n\t\t})(jQuery);\n\t<\/script>\n\t<style>\n\t\t.is-root-container {\n\t\t\tbackground-color: #000000;\n\t\t}\n\t<\/style>\n<\/section>\n\n<section id=\"block_5fa041ec1f3a5\" class=\"text fade-in center 1\" data-max-width=\"960\" style=\"font-family: ;\">\n\t<h3>*Dans la limite des stocks disponibles. Valable du 7 novembre au 7 d\u00e9cembre.<\/h3>\n\t<style>\n\t\t.is-root-container {\n\t\t\tbackground-color: #000000;\n\t\t}\n\t<\/style>\n<\/section>","protected":false},"excerpt":{"rendered":"","protected":false},"author":1,"featured_media":0,"parent":0,"menu_order":17,"comment_status":"closed","ping_status":"closed","template":"","meta":[],"acf":[],"_links":{"self":[{"href":"https:\/\/maccosmeticstravels.com\/fr\/wp-json\/wp\/v2\/pages\/1730"}],"collection":[{"href":"https:\/\/maccosmeticstravels.com\/fr\/wp-json\/wp\/v2\/pages"}],"about":[{"href":"https:\/\/maccosmeticstravels.com\/fr\/wp-json\/wp\/v2\/types\/page"}],"author":[{"embeddable":true,"href":"https:\/\/maccosmeticstravels.com\/fr\/wp-json\/wp\/v2\/users\/1"}],"replies":[{"embeddable":true,"href":"https:\/\/maccosmeticstravels.com\/fr\/wp-json\/wp\/v2\/comments?post=1730"}],"version-history":[{"count":26,"href":"https:\/\/maccosmeticstravels.com\/fr\/wp-json\/wp\/v2\/pages\/1730\/revisions"}],"predecessor-version":[{"id":2042,"href":"https:\/\/maccosmeticstravels.com\/fr\/wp-json\/wp\/v2\/pages\/1730\/revisions\/2042"}],"wp:attachment":[{"href":"https:\/\/maccosmeticstravels.com\/fr\/wp-json\/wp\/v2\/media?parent=1730"}],"curies":[{"name":"wp","href":"https:\/\/api.w.org\/{rel}","templated":true}]}}