{"id":1177,"date":"2020-10-29T15:52:25","date_gmt":"2020-10-29T15:52:25","guid":{"rendered":"http:\/\/3.18.242.38\/?page_id=1177"},"modified":"2022-10-05T17:13:00","modified_gmt":"2022-10-05T17:13:00","slug":"destination-fabulous","status":"publish","type":"page","link":"https:\/\/maccosmeticstravels.com\/fr\/destination-fabulous","title":{"rendered":"Destination Fabulous"},"content":{"rendered":"<section id=\"block_5f9da0721ff73\" class=\"banner full-width\">\n\t<style>\n\t\t@media(max-width: 720px) {\n\t\t\t#block_5f9da0721ff73 a {\n\t\t\t\tpadding-bottom: 37.891%;\n\t\t\t}\n\t\t}\n\t\t@media(min-width: 721px) {\n\t\t\t#block_5f9da0721ff73 a {\n\t\t\t\tpadding-bottom: 21.389%;\n\t\t\t}\n\t\t}\n\t<\/style>\n\t<a href=\"https:\/\/maccosmeticstravels.com\/fr\/destination-fabulous\/\">\n\t\t<picture>\n\t\t\t<source media=\"(max-width: 720px)\" srcset=\"https:\/\/maccosmeticstravels.com\/wp-content\/uploads\/2020\/11\/MAC-DF_Microsite_1536-x-582-720x273.jpg 720w, https:\/\/maccosmeticstravels.com\/wp-content\/uploads\/2020\/11\/MAC-DF_Microsite_1536-x-582-1440x546.jpg 1440w\" sizes=\"100%\">\n\t\t\t<source media=\"(min-width: 721px)\" srcset=\"https:\/\/maccosmeticstravels.com\/wp-content\/uploads\/2020\/11\/MAC-DF_Microsite_2880x616-1440x308.jpg 1440w, https:\/\/maccosmeticstravels.com\/wp-content\/uploads\/2020\/11\/MAC-DF_Microsite_2880x616.jpg 2880w\" sizes=\"100%\">\n\t\t\t<img decoding=\"async\" class=\"fade-in\" src=\"https:\/\/maccosmeticstravels.com\/wp-content\/uploads\/2020\/11\/MAC-DF_Microsite_2880x616-1440x308.jpg\" srcset=\" 1440w, https:\/\/maccosmeticstravels.com\/wp-content\/uploads\/2020\/11\/MAC-DF_Microsite_1536-x-582.jpg 2880w\" sizes=\"100%\">\n\t\t<\/picture>\n\t\t<div class=\"text\"><\/div>\n\t<\/a>\n\t<style>\n\t\t.is-root-container {\n\t\t\tbackground-color: #c10230;\n\t\t}\n\t<\/style>\n<\/section>\n\n<section id=\"block_5f9f87dbca6c8\" class=\"text fade-in center columns-1 balance-text\" data-max-width=\"960\" style=\"font-family: House Slant;\">\n\t<h1>Maintenant\u00a0arriv\u00e9es :\u00a0des trouvailles exclusives aussi\u00a0belles\u00a0que votre destination!<\/h1>\n\t<style>\n\t\t.is-root-container {\n\t\t\tbackground-color: #c10230;\n\t\t}\n\t<\/style>\n<\/section>\n\n<section id=\"block_5f9f94a2313d2\" class=\"video\">\n\t<div class=\"video-wrapper\">\n\t\t<video poster=\"https:\/\/maccosmeticstravels.com\/wp-content\/uploads\/2020\/11\/DFab-2.0-Still-1920x1080.jpg\" id=\"player\" playsinline>\n\t\t\t<source src=\"https:\/\/maccosmeticstravels.com\/wp-content\/uploads\/2020\/11\/100735_Mac_AirParis_45_1920x1080_v24_g3.mp4\" type=\"video\/mp4\" \/>\n\t\t<\/video>\n\t\t<div class=\"play\"><\/div>\n\t<\/div>\n\t<script>\n\t\t(function($) {\n\t\t\tvar video = $(\"#block_5f9f94a2313d2 video\");\n\t\t\tvar play = $(\"#block_5f9f94a2313d2 .play\");\n\t\t\t\/\/ Display the video when the poster has loaded\n\t\t\tvar poster = new Image();\n\t\t\tposter.src = video.attr(\"poster\");\n\t\t\tif (poster.complete && poster.naturalHeight !== 0) {\n\t\t\t\t$(video).parents(\".video-wrapper\").addClass(\"visible\");\n\t\t\t\t$(play).addClass(\"visible\");\n\t\t\t} else {\n\t\t\t\tposter.onload = function() {\n\t\t\t\t\t$(video).parents(\".video-wrapper\").addClass(\"visible\");\n\t\t\t\t\t$(play).addClass(\"visible\");\n\t\t\t\t}\n\t\t\t}\n\t\t\t\/\/ Initialize the player\n\t\t\tvar player = new Plyr(video[0], {\n\t\t\t\tresetOnEnd: true,\n\t\t\t\thideControls: false,\n\t\t\t\tcontrols: [\n\t\t\t\t\t\"play\",\n\t\t\t\t\t\"progress\",\n\t\t\t\t\t\"current-time\",\n\t\t\t\t\t\"mute\",\n\t\t\t\t\t\"volume\",\n\t\t\t\t\t\"fullscreen\"\n\t\t\t\t]\n\t\t\t});\n\t\t\t\/\/ Initialize with controls hidden\n\t\t\tplayer.toggleControls(false);\n\t\t\tplay.on(\"click\", function() {\n\t\t\t\tplayer.play();\n\t\t\t});\n\t\t\tplayer.on(\"playing\", function() {\n\t\t\t\tplayer.fullscreen.enter();\n\t\t\t\tplay.removeClass(\"visible\");\n\t\t\t});\n\t\t\tplayer.on(\"pause\", function() {\n\t\t\t\tif (!player.seeking && !player.fullscreen.active) {\n\t\t\t\t\tplay.addClass(\"visible\");\n\t\t\t\t}\n\t\t\t});\n\t\t\tplayer.on(\"ended\", function() {\n\t\t\t\tplayer.fullscreen.exit();\n\t\t\t});\n\t\t\tplayer.on(\"exitfullscreen\", function() {\n\t\t\t\tif (!player.playing) {\n\t\t\t\t\tplay.addClass(\"visible\");\n\t\t\t\t}\n\t\t\t});\n\t\t})(jQuery);\n\t<\/script>\n\t<style>\n\t\t.is-root-container {\n\t\t\tbackground-color: #c10230;\n\t\t}\n\t<\/style>\n<\/section>\n\n<section id=\"block_5f9f8864cbfe7\" class=\"text fade-in center columns-1 balance-text\" data-max-width=\"900\" style=\"font-family: House Slant;\">\n\t<h2>Rendez votre vol encore plus agr\u00e9able avant m\u00eame d'embarquer gr\u00e2ce aux NOUVELLES trousses de voyage exclusives, remplies de vos produits chouchous et vendues \u00e0 un prix qui vous fera planer!\u00a0<\/h2>\n\t<style>\n\t\t.is-root-container {\n\t\t\tbackground-color: #c10230;\n\t\t}\n\t<\/style>\n<\/section>\n\n<section id=\"block_5ff36b51c330e\" class=\"banner content-width\">\n\t<style>\n\t\t@media(max-width: 720px) {\n\t\t\t#block_5ff36b51c330e a {\n\t\t\t\tpadding-bottom: 100%;\n\t\t\t}\n\t\t}\n\t\t@media(min-width: 721px) {\n\t\t\t#block_5ff36b51c330e a {\n\t\t\t\tpadding-bottom: 100%;\n\t\t\t}\n\t\t}\n\t<\/style>\n\t<a href=\"https:\/\/maccosmeticstravels.com\/fr\/destination-fabulous\/travel-exclusives\/\">\n\t\t<picture>\n\t\t\t<source media=\"(max-width: 720px)\" srcset=\"https:\/\/maccosmeticstravels.com\/wp-content\/uploads\/2020\/11\/MAC-DF2_Ambient_LookInABox-Warm_Lo-Res-720x720.jpg 720w, https:\/\/maccosmeticstravels.com\/wp-content\/uploads\/2020\/11\/MAC-DF2_Ambient_LookInABox-Warm_Lo-Res-1440x1440.jpg 1440w\" sizes=\"100%\">\n\t\t\t<source media=\"(min-width: 721px)\" srcset=\"https:\/\/maccosmeticstravels.com\/wp-content\/uploads\/2020\/11\/MAC-DF2_Ambient_LookInABox-Warm_Lo-Res-1440x1440.jpg 1440w, https:\/\/maccosmeticstravels.com\/wp-content\/uploads\/2020\/11\/MAC-DF2_Ambient_LookInABox-Warm_Lo-Res.jpg 2880w\" sizes=\"100%\">\n\t\t\t<img decoding=\"async\" class=\"fade-in\" src=\"https:\/\/maccosmeticstravels.com\/wp-content\/uploads\/2020\/11\/MAC-DF2_Ambient_LookInABox-Warm_Lo-Res-1440x1440.jpg\" srcset=\" 1440w, https:\/\/maccosmeticstravels.com\/wp-content\/uploads\/2020\/11\/MAC-DF2_Ambient_LookInABox-Warm_Lo-Res.jpg 2880w\" sizes=\"100%\">\n\t\t<\/picture>\n\t\t<div class=\"text\">EXCLUSIVIT\u00c9S VOYAGE<\/div>\n\t<\/a>\n\t<style>\n\t\t.is-root-container {\n\t\t\tbackground-color: #c10230;\n\t\t}\n\t<\/style>\n<\/section>\n\n\n<section id=\"block_5fb288dc1c6ab\" class=\"dp-button\" style=\"font-family: House Slant; max-width: 700px\">\n\t\t<p class=\"large\">Pour voler en beaut\u00e9 : les boutiques hors taxes M\u00b7A\u00b7C\u00a0<\/p>\n\t\t<a href=\"https:\/\/maccosmeticstravels.com\/fr\/destination-fabulous\/find-a-store\/\" target=\"\" style=\"color: #c10230\">\n\t\ttrouver un magasin\t<\/a>\n\t<style>\n\t\t.is-root-container {\n\t\t\tbackground-color: #c10230;\n\t\t}\n\t<\/style>\n<\/section>\n\n<section id=\"block_5fac91ff51ca0\" class=\"olapic\" style=\"font-family: House Slant;\">\n\t<div class=\"heading\">Social Skills<\/div>\n\t<div class=\"hashtag\">#MACDestinationFabulous<\/div>\n\t<div id=\"olapic_specific_widget\"><\/div><script type=\"text\/javascript\" src=\"https:\/\/photorankstatics-a.akamaihd.net\/743d2e78a76dedeb07e0745158547931\/static\/frontend\/latest\/build.min.js\"  data-olapic=\"olapic_specific_widget\" data-instance=\"f63e6a4a26715f578da0106547e99578\" data-apikey=\"df01ee493e9f3d515763221ac3ab0d9a43a21f84cee07eb0b7c0576d3b893b84\" async=\"async\"><\/script>\t<style>\n\t\t.is-root-container {\n\t\t\tbackground-color: #c10230;\n\t\t}\n\t<\/style>\n<\/div><\/section>","protected":false},"excerpt":{"rendered":"","protected":false},"author":1,"featured_media":0,"parent":0,"menu_order":1,"comment_status":"closed","ping_status":"closed","template":"","meta":[],"acf":[],"_links":{"self":[{"href":"https:\/\/maccosmeticstravels.com\/fr\/wp-json\/wp\/v2\/pages\/1177"}],"collection":[{"href":"https:\/\/maccosmeticstravels.com\/fr\/wp-json\/wp\/v2\/pages"}],"about":[{"href":"https:\/\/maccosmeticstravels.com\/fr\/wp-json\/wp\/v2\/types\/page"}],"author":[{"embeddable":true,"href":"https:\/\/maccosmeticstravels.com\/fr\/wp-json\/wp\/v2\/users\/1"}],"replies":[{"embeddable":true,"href":"https:\/\/maccosmeticstravels.com\/fr\/wp-json\/wp\/v2\/comments?post=1177"}],"version-history":[{"count":212,"href":"https:\/\/maccosmeticstravels.com\/fr\/wp-json\/wp\/v2\/pages\/1177\/revisions"}],"predecessor-version":[{"id":2933,"href":"https:\/\/maccosmeticstravels.com\/fr\/wp-json\/wp\/v2\/pages\/1177\/revisions\/2933"}],"wp:attachment":[{"href":"https:\/\/maccosmeticstravels.com\/fr\/wp-json\/wp\/v2\/media?parent=1177"}],"curies":[{"name":"wp","href":"https:\/\/api.w.org\/{rel}","templated":true}]}}