{"id":1217,"date":"2020-10-30T04:46:11","date_gmt":"2020-10-30T04:46:11","guid":{"rendered":"http:\/\/3.18.242.38\/?page_id=1217"},"modified":"2021-01-02T20:46:26","modified_gmt":"2021-01-02T20:46:26","slug":"let-colour-take-flight","status":"publish","type":"page","link":"https:\/\/maccosmeticstravels.com\/es\/let-colour-take-flight","title":{"rendered":"Let Colour Take Flight"},"content":{"rendered":"<section id=\"block_5f9da00c482f2\" class=\"banner full-width\">\n\t<style>\n\t\t@media(max-width: 720px) {\n\t\t\t#block_5f9da00c482f2 a {\n\t\t\t\tpadding-bottom: 37.551%;\n\t\t\t}\n\t\t}\n\t\t@media(min-width: 721px) {\n\t\t\t#block_5f9da00c482f2 a {\n\t\t\t\tpadding-bottom: 21.382%;\n\t\t\t}\n\t\t}\n\t<\/style>\n\t<a href=\"https:\/\/maccosmeticstravels.com\/es\/let-colour-take-flight\/\">\n\t\t<picture>\n\t\t\t<source media=\"(max-width: 720px)\" srcset=\"https:\/\/maccosmeticstravels.com\/wp-content\/uploads\/2020\/10\/lctf-header-mobile-es-720x270.jpg 720w, https:\/\/maccosmeticstravels.com\/wp-content\/uploads\/2020\/10\/lctf-header-mobile-es-1440x541.jpg 1440w\" sizes=\"100%\">\n\t\t\t<source media=\"(min-width: 721px)\" srcset=\"https:\/\/maccosmeticstravels.com\/wp-content\/uploads\/2020\/10\/lctf-header-desktop-es-1440x308.jpg 1440w, https:\/\/maccosmeticstravels.com\/wp-content\/uploads\/2020\/10\/lctf-header-desktop-es-2880x616.jpg 2880w\" sizes=\"100%\">\n\t\t\t<img decoding=\"async\" class=\"fade-in\" src=\"https:\/\/maccosmeticstravels.com\/wp-content\/uploads\/2020\/10\/lctf-header-desktop-es-1440x308.jpg\" srcset=\" 1440w, https:\/\/maccosmeticstravels.com\/wp-content\/uploads\/2020\/10\/lctf-header-mobile-es-2880x1081.jpg 2880w\" sizes=\"100%\">\n\t\t<\/picture>\n\t\t<div class=\"text\"><\/div>\n\t<\/a>\n\t<style>\n\t\t.is-root-container {\n\t\t\tbackground-color: #000000;\n\t\t}\n\t<\/style>\n<\/section>\n\n<section id=\"block_5f9f638e016d6\" class=\"text fade-in center columns-1 balance-text\" data-max-width=\"960\" style=\"font-family: Trade Gothic Condensed;\">\n\t<h1>Acomp\u00e1\u00f1anos en un emocionante viaje por el mundo mientras buscamos inspiraci\u00f3n en los lugares menos pensados.<\/h1>\n\t<style>\n\t\t.is-root-container {\n\t\t\tbackground-color: #000000;\n\t\t}\n\t<\/style>\n<\/section>\n\n<section id=\"block_5fac83c1d5dff\" class=\"video\">\n\t<div class=\"video-wrapper\">\n\t\t<video poster=\"https:\/\/maccosmeticstravels.com\/wp-content\/uploads\/2020\/12\/home-video-poster-1920x1080.jpg\" id=\"player\" playsinline>\n\t\t\t<source src=\"https:\/\/maccosmeticstravels.com\/wp-content\/uploads\/2020\/10\/home-video-es.mp4\" type=\"video\/mp4\" \/>\n\t\t<\/video>\n\t\t<div class=\"play\"><\/div>\n\t<\/div>\n\t<script>\n\t\t(function($) {\n\t\t\tvar video = $(\"#block_5fac83c1d5dff video\");\n\t\t\tvar play = $(\"#block_5fac83c1d5dff .play\");\n\t\t\t\/\/ Display the video when the poster has loaded\n\t\t\tvar poster = new Image();\n\t\t\tposter.src = video.attr(\"poster\");\n\t\t\tif (poster.complete && poster.naturalHeight !== 0) {\n\t\t\t\t$(video).parents(\".video-wrapper\").addClass(\"visible\");\n\t\t\t\t$(play).addClass(\"visible\");\n\t\t\t} else {\n\t\t\t\tposter.onload = function() {\n\t\t\t\t\t$(video).parents(\".video-wrapper\").addClass(\"visible\");\n\t\t\t\t\t$(play).addClass(\"visible\");\n\t\t\t\t}\n\t\t\t}\n\t\t\t\/\/ Initialize the player\n\t\t\tvar player = new Plyr(video[0], {\n\t\t\t\tresetOnEnd: true,\n\t\t\t\thideControls: false,\n\t\t\t\tcontrols: [\n\t\t\t\t\t\"play\",\n\t\t\t\t\t\"progress\",\n\t\t\t\t\t\"current-time\",\n\t\t\t\t\t\"mute\",\n\t\t\t\t\t\"volume\",\n\t\t\t\t\t\"fullscreen\"\n\t\t\t\t]\n\t\t\t});\n\t\t\t\/\/ Initialize with controls hidden\n\t\t\tplayer.toggleControls(false);\n\t\t\tplay.on(\"click\", function() {\n\t\t\t\tplayer.play();\n\t\t\t});\n\t\t\tplayer.on(\"playing\", function() {\n\t\t\t\tplayer.fullscreen.enter();\n\t\t\t\tplay.removeClass(\"visible\");\n\t\t\t});\n\t\t\tplayer.on(\"pause\", function() {\n\t\t\t\tif (!player.seeking && !player.fullscreen.active) {\n\t\t\t\t\tplay.addClass(\"visible\");\n\t\t\t\t}\n\t\t\t});\n\t\t\tplayer.on(\"ended\", function() {\n\t\t\t\tplayer.fullscreen.exit();\n\t\t\t});\n\t\t\tplayer.on(\"exitfullscreen\", function() {\n\t\t\t\tif (!player.playing) {\n\t\t\t\t\tplay.addClass(\"visible\");\n\t\t\t\t}\n\t\t\t});\n\t\t})(jQuery);\n\t<\/script>\n\t<style>\n\t\t.is-root-container {\n\t\t\tbackground-color: #000000;\n\t\t}\n\t<\/style>\n<\/section>\n\n<section id=\"block_5fac85809fd16\" class=\"text fade-in center columns-1 balance-text\" data-max-width=\"960\" style=\"font-family: Trade Gothic Condensed;\">\n\t<h1>De la misma manera que una ciudad nueva pasa de ser desconocida a sentirse familiar, elegir una nueva paleta de colores pasa de ser intimidante a ser supersencillo.<\/h1>\n\t<style>\n\t\t.is-root-container {\n\t\t\tbackground-color: #000000;\n\t\t}\n\t<\/style>\n<\/section>\n\n\n<section id=\"block_5fdaf5d2844e4\" class=\"dp-button\" style=\"font-family: Trade Gothic Condensed;\">\n\t\t<p class=\"small\">Combinaci\u00f3n de tonos personalizada \/ Sube tu propia foto<\/p>\n\t\t<a href=\"\/es\/.\/let-colour-take-flight\/choose-your-palette-size\/?route=custom-shade-pairing\" target=\"\" style=\"color: #000000\">\n\t\tSubir imagen\t<\/a>\n\t<style>\n\t\t.is-root-container {\n\t\t\tbackground-color: #000000;\n\t\t}\n\t<\/style>\n<\/section>\n\n<section id=\"block_5fda6a667bd03\" class=\"banner content-width\">\n\t<style>\n\t\t@media(max-width: 720px) {\n\t\t\t#block_5fda6a667bd03 a {\n\t\t\t\tpadding-bottom: 50%;\n\t\t\t}\n\t\t}\n\t\t@media(min-width: 721px) {\n\t\t\t#block_5fda6a667bd03 a {\n\t\t\t\tpadding-bottom: 33.337%;\n\t\t\t}\n\t\t}\n\t<\/style>\n\t<a href=\"\/es\/.\/let-colour-take-flight\/choose-your-palette-size\/?route=custom-shade-pairing\">\n\t\t<picture>\n\t\t\t<source media=\"(max-width: 720px)\" srcset=\"https:\/\/maccosmeticstravels.com\/wp-content\/uploads\/2020\/12\/upload-your-photo-banner-mobile-720x360.jpg 720w, https:\/\/maccosmeticstravels.com\/wp-content\/uploads\/2020\/12\/upload-your-photo-banner-mobile-1440x720.jpg 1440w\" sizes=\"100%\">\n\t\t\t<source media=\"(min-width: 721px)\" srcset=\"https:\/\/maccosmeticstravels.com\/wp-content\/uploads\/2020\/12\/upload-your-photo-banner-desktop-1440x480.jpg 1440w, https:\/\/maccosmeticstravels.com\/wp-content\/uploads\/2020\/12\/upload-your-photo-banner-desktop-2880x960.jpg 2880w\" sizes=\"100%\">\n\t\t\t<img decoding=\"async\" class=\"fade-in\" src=\"https:\/\/maccosmeticstravels.com\/wp-content\/uploads\/2020\/12\/upload-your-photo-banner-desktop-1440x480.jpg\" srcset=\" 1440w, https:\/\/maccosmeticstravels.com\/wp-content\/uploads\/2020\/12\/upload-your-photo-banner-mobile-2880x1440.jpg 2880w\" sizes=\"100%\">\n\t\t<\/picture>\n\t\t<div class=\"text\">Sube tu foto<\/div>\n\t<\/a>\n\t<style>\n\t\t.is-root-container {\n\t\t\tbackground-color: #000000;\n\t\t}\n\t<\/style>\n<\/section>\n\n<section id=\"block_5fee39b5c6724\" class=\"images grid three-column\">\n\t\t\t<a href=\"https:\/\/maccosmeticstravels.com\/es\/let-colour-take-flight\/select-your-shades\/\">\n\t\t\t\t\t<div class=\"title\">Selecciona tus tonos<\/div>\n\t\t\t\t<div class=\"image\">\n\t\t\t<img decoding=\"async\" class=\"fade-in\" src=\"https:\/\/maccosmeticstravels.com\/wp-content\/uploads\/2020\/12\/customize-your-palette-box.jpg\">\n\t\t<\/div>\n\t<\/a>\n\t\t\t<a href=\"https:\/\/maccosmeticstravels.com\/es\/let-colour-take-flight\/how-to-videos\/\">\n\t\t\t\t\t<div class=\"title\">Videos instructivos<\/div>\n\t\t\t\t<div class=\"image\">\n\t\t\t<img decoding=\"async\" class=\"fade-in\" src=\"https:\/\/maccosmeticstravels.com\/wp-content\/uploads\/2020\/12\/how-to-videos-box.jpg\">\n\t\t<\/div>\n\t<\/a>\n\t\t\t<a href=\"https:\/\/maccosmeticstravels.com\/es\/let-colour-take-flight\/destination-inspiration\/\">\n\t\t\t\t\t<div class=\"title\">Destinos inspiradores<\/div>\n\t\t\t\t<div class=\"image\">\n\t\t\t<img decoding=\"async\" class=\"fade-in\" src=\"https:\/\/maccosmeticstravels.com\/wp-content\/uploads\/2020\/12\/destination-inspiration-box.jpg\">\n\t\t<\/div>\n\t<\/a>\n\t\t<style>\n\t\t.is-root-container {\n\t\t\tbackground-color: #000000;\n\t\t}\n\t<\/style>\n<\/section>\n\n\n\n<section id=\"block_5fdaf8f0536d8\" class=\"dp-button\" style=\"font-family: Trade Gothic Condensed; max-width: 520px\">\n\t\t<p class=\"large\">Cr\u00e9ala a tu medida en tiendas M\u00b7A\u00b7C en aeropuertos y comercios libres de impuestos.<\/p>\n\t\t<a href=\"https:\/\/maccosmeticstravels.com\/es\/let-colour-take-flight\/find-a-store\/\" target=\"\" style=\"color: #000000\">\n\t\tEncuentra una tienda\t<\/a>\n\t<style>\n\t\t.is-root-container {\n\t\t\tbackground-color: #000000;\n\t\t}\n\t<\/style>\n<\/section>\n\n<section id=\"block_5fac93b6c59f4\" class=\"olapic\" style=\"font-family: Trade Gothic Condensed;\">\n\t<div class=\"heading\">Habilidades sociales<\/div>\n\t<div class=\"hashtag\">#MACBYME<\/div>\n\t<div id=\"olapic_specific_widget\"><\/div><script type=\"text\/javascript\" src=\"https:\/\/photorankstatics-a.akamaihd.net\/743d2e78a76dedeb07e0745158547931\/static\/frontend\/latest\/build.min.js\"  data-olapic=\"olapic_specific_widget\" data-instance=\"0e7d644f115bf5b989d1ee05af7bfc06\" data-apikey=\"df01ee493e9f3d515763221ac3ab0d9a43a21f84cee07eb0b7c0576d3b893b84\" async=\"async\"><\/script>\t<style>\n\t\t.is-root-container {\n\t\t\tbackground-color: #000000;\n\t\t}\n\t<\/style>\n<\/div><\/section>","protected":false},"excerpt":{"rendered":"","protected":false},"author":1,"featured_media":0,"parent":0,"menu_order":8,"comment_status":"closed","ping_status":"closed","template":"","meta":[],"acf":[],"_links":{"self":[{"href":"https:\/\/maccosmeticstravels.com\/es\/wp-json\/wp\/v2\/pages\/1217"}],"collection":[{"href":"https:\/\/maccosmeticstravels.com\/es\/wp-json\/wp\/v2\/pages"}],"about":[{"href":"https:\/\/maccosmeticstravels.com\/es\/wp-json\/wp\/v2\/types\/page"}],"author":[{"embeddable":true,"href":"https:\/\/maccosmeticstravels.com\/es\/wp-json\/wp\/v2\/users\/1"}],"replies":[{"embeddable":true,"href":"https:\/\/maccosmeticstravels.com\/es\/wp-json\/wp\/v2\/comments?post=1217"}],"version-history":[{"count":104,"href":"https:\/\/maccosmeticstravels.com\/es\/wp-json\/wp\/v2\/pages\/1217\/revisions"}],"predecessor-version":[{"id":2630,"href":"https:\/\/maccosmeticstravels.com\/es\/wp-json\/wp\/v2\/pages\/1217\/revisions\/2630"}],"wp:attachment":[{"href":"https:\/\/maccosmeticstravels.com\/es\/wp-json\/wp\/v2\/media?parent=1217"}],"curies":[{"name":"wp","href":"https:\/\/api.w.org\/{rel}","templated":true}]}}